{"id":149,"date":"2024-09-14T12:06:59","date_gmt":"2024-09-14T10:06:59","guid":{"rendered":"https:\/\/djxsolutions.com\/?page_id=149"},"modified":"2024-09-16T14:13:16","modified_gmt":"2024-09-16T12:13:16","slug":"relations-industrielles","status":"publish","type":"page","link":"https:\/\/djxsolutions.com\/index.php\/relations-industrielles\/","title":{"rendered":"Relations industrielles"},"content":{"rendered":"\n<div class=\"wp-block-columns is-layout-flex wp-container-core-columns-is-layout-28f84493 wp-block-columns-is-layout-flex\">\n<div class=\"wp-block-column is-layout-flow wp-block-column-is-layout-flow\">\n<p><em>R\u00e9seau de fournisseurs et sous-traitance :<\/em><\/p>\n\n\n\n<p>Dans un contexte o\u00f9 l&#8217;acc\u00e8s \u00e0 certaines ressources mat\u00e9rielles et financi\u00e8res se tend, ce qui permet de durer repose souvent sur la qualit\u00e9 des relations avec les partenaires commerciaux et industriels. Nous sommes \u00e0 vos c\u00f4t\u00e9s pour trouver des solutions de partenariats durables.<\/p>\n<\/div>\n\n\n\n<div class=\"wp-block-column is-layout-flow wp-block-column-is-layout-flow\">\n<p><em>Accompagnement politique achats :<\/em><\/p>\n\n\n\n<p>La politique achats est la ligne de conduite de la Fonction Achats dans l&#8217;entreprise. Elle permet de poser une posture g\u00e9n\u00e9rale servant de guide aux \u00e9quipes et de positionnement par rapport aux partenaires internes et externes. L&#8217;\u00e9laboration de ce type de support est facilit\u00e9 lorsqu&#8217;il y a un partage avec des personnes d&#8217;autres horizons. Mettons en commun nos visions.<\/p>\n<\/div>\n\n\n\n<div class=\"wp-block-column is-layout-flow wp-block-column-is-layout-flow\">\n<p><em>Sourcing :<\/em><\/p>\n\n\n\n<p>Auparavant, un acheteur \u00e9tait quelqu&#8217;un qui achetait au moins cher. Il y a encore r\u00e9cemment, un acheteur \u00e9tait quelqu&#8217;un qui achetait au mieux. Aujourd&#8217;hui, un acheteur est un apporteur de solutions ! Nous sommes force de propositions pour trouver des solutions de sourcing, surtout quand la situation est d\u00e9licate.<\/p>\n<\/div>\n<\/div>\n\n\n\n<p><\/p>\n","protected":false},"excerpt":{"rendered":"<p>R\u00e9seau de fournisseurs et sous-traitance : Dans un contexte o\u00f9 l&#8217;acc\u00e8s \u00e0 certaines ressources mat\u00e9rielles et financi\u00e8res se tend, ce qui permet de durer repose souvent sur la qualit\u00e9 des relations avec les partenaires commerciaux et industriels. Nous sommes \u00e0 vos c\u00f4t\u00e9s pour trouver des solutions de partenariats durables. Accompagnement politique achats : La politique [&hellip;]<\/p>\n","protected":false},"author":1,"featured_media":0,"parent":0,"menu_order":0,"comment_status":"closed","ping_status":"closed","template":"","meta":{"om_disable_all_campaigns":false,"_monsterinsights_skip_tracking":false,"_monsterinsights_sitenote_active":false,"_monsterinsights_sitenote_note":"","_monsterinsights_sitenote_category":0,"footnotes":""},"class_list":["post-149","page","type-page","status-publish","hentry"],"blocksy_meta":[],"aioseo_notices":[],"_links":{"self":[{"href":"https:\/\/djxsolutions.com\/index.php\/wp-json\/wp\/v2\/pages\/149","targetHints":{"allow":["GET"]}}],"collection":[{"href":"https:\/\/djxsolutions.com\/index.php\/wp-json\/wp\/v2\/pages"}],"about":[{"href":"https:\/\/djxsolutions.com\/index.php\/wp-json\/wp\/v2\/types\/page"}],"author":[{"embeddable":true,"href":"https:\/\/djxsolutions.com\/index.php\/wp-json\/wp\/v2\/users\/1"}],"replies":[{"embeddable":true,"href":"https:\/\/djxsolutions.com\/index.php\/wp-json\/wp\/v2\/comments?post=149"}],"version-history":[{"count":4,"href":"https:\/\/djxsolutions.com\/index.php\/wp-json\/wp\/v2\/pages\/149\/revisions"}],"predecessor-version":[{"id":271,"href":"https:\/\/djxsolutions.com\/index.php\/wp-json\/wp\/v2\/pages\/149\/revisions\/271"}],"wp:attachment":[{"href":"https:\/\/djxsolutions.com\/index.php\/wp-json\/wp\/v2\/media?parent=149"}],"curies":[{"name":"wp","href":"https:\/\/api.w.org\/{rel}","templated":true}]}}