{"id":155,"date":"2024-09-14T12:00:47","date_gmt":"2024-09-14T10:00:47","guid":{"rendered":"https:\/\/djxsolutions.com\/?page_id=155"},"modified":"2024-09-16T14:11:24","modified_gmt":"2024-09-16T12:11:24","slug":"prototypage","status":"publish","type":"page","link":"https:\/\/djxsolutions.com\/index.php\/prototypage\/","title":{"rendered":"Prototypage"},"content":{"rendered":"\n<p>Prototypage complet de l&#8217;id\u00e9e jusqu&#8217;au d\u00e9monstrateur fonctionnel pour valider le concept et vous accompagner dans votre d\u00e9veloppement.<\/p>\n\n\n\n<div class=\"wp-block-columns is-layout-flex wp-container-core-columns-is-layout-28f84493 wp-block-columns-is-layout-flex\">\n<div class=\"wp-block-column is-layout-flow wp-block-column-is-layout-flow\">\n<p class=\"has-text-align-center\"><strong>M\u00e9canique<\/strong><\/p>\n\n\n\n<figure class=\"wp-block-image size-full is-style-rounded\"><img fetchpriority=\"high\" decoding=\"async\" width=\"400\" height=\"400\" src=\"http:\/\/djxsolutions.com\/wp-content\/uploads\/2023\/11\/Mechanics-resized.jpg\" alt=\"\" class=\"wp-image-122\" srcset=\"https:\/\/djxsolutions.com\/wp-content\/uploads\/2023\/11\/Mechanics-resized.jpg 400w, https:\/\/djxsolutions.com\/wp-content\/uploads\/2023\/11\/Mechanics-resized-300x300.jpg 300w, https:\/\/djxsolutions.com\/wp-content\/uploads\/2023\/11\/Mechanics-resized-150x150.jpg 150w\" sizes=\"(max-width: 400px) 100vw, 400px\" \/><\/figure>\n\n\n\n<ul class=\"wp-block-list\">\n<li>Conception m\u00e9canique et fourniture des fichiers 3D<\/li>\n\n\n\n<li>Plans 2D<\/li>\n\n\n\n<li>Impression 3D FDM et SLA<\/li>\n\n\n\n<li>Maquettage<\/li>\n<\/ul>\n\n\n\n<p><\/p>\n<\/div>\n\n\n\n<div class=\"wp-block-column is-layout-flow wp-block-column-is-layout-flow\">\n<p class=\"has-text-align-center\"><strong>\u00c9lectronique<\/strong><\/p>\n\n\n\n<figure class=\"wp-block-image size-full is-style-rounded\"><img decoding=\"async\" width=\"400\" height=\"400\" src=\"http:\/\/djxsolutions.com\/wp-content\/uploads\/2023\/11\/Electronics-resized.jpg\" alt=\"\" class=\"wp-image-121\" srcset=\"https:\/\/djxsolutions.com\/wp-content\/uploads\/2023\/11\/Electronics-resized.jpg 400w, https:\/\/djxsolutions.com\/wp-content\/uploads\/2023\/11\/Electronics-resized-300x300.jpg 300w, https:\/\/djxsolutions.com\/wp-content\/uploads\/2023\/11\/Electronics-resized-150x150.jpg 150w\" sizes=\"(max-width: 400px) 100vw, 400px\" \/><\/figure>\n\n\n\n<ul class=\"wp-block-list\">\n<li>Conception circuits et validation par prototypage<\/li>\n\n\n\n<li>Routage, conception PCB et export archive GERBER<\/li>\n\n\n\n<li>Lancement en production <\/li>\n\n\n\n<li>Assemblage des composants et tests<\/li>\n<\/ul>\n<\/div>\n\n\n\n<div class=\"wp-block-column is-layout-flow wp-block-column-is-layout-flow\">\n<p class=\"has-text-align-center\"><strong>Programmation<\/strong><\/p>\n\n\n\n<figure class=\"wp-block-image size-full is-style-rounded\"><img decoding=\"async\" width=\"400\" height=\"400\" src=\"http:\/\/djxsolutions.com\/wp-content\/uploads\/2023\/11\/Programming-resized.jpg\" alt=\"\" class=\"wp-image-123\" srcset=\"https:\/\/djxsolutions.com\/wp-content\/uploads\/2023\/11\/Programming-resized.jpg 400w, https:\/\/djxsolutions.com\/wp-content\/uploads\/2023\/11\/Programming-resized-300x300.jpg 300w, https:\/\/djxsolutions.com\/wp-content\/uploads\/2023\/11\/Programming-resized-150x150.jpg 150w\" sizes=\"(max-width: 400px) 100vw, 400px\" \/><\/figure>\n\n\n\n<ul class=\"wp-block-list\">\n<li>Programmation de microcontr\u00f4leurs<\/li>\n\n\n\n<li>Logiciel embarqu\u00e9<\/li>\n\n\n\n<li>Optimisation du code pour r\u00e9duire la consommation \u00e9nerg\u00e9tique<\/li>\n<\/ul>\n<\/div>\n<\/div>\n\n\n\n<p class=\"has-text-align-center\"><strong>Quelques exemples de r\u00e9alisations<\/strong><\/p>\n\n\n\n<div class=\"wp-block-columns is-layout-flex wp-container-core-columns-is-layout-28f84493 wp-block-columns-is-layout-flex\">\n<div class=\"wp-block-column is-layout-flow wp-block-column-is-layout-flow\">\n<p><em>Maquette de pr\u00e9sentation commerciale :<\/em><\/p>\n\n\n\n<p>Conception, impression et assemblage d&#8217;une maquette \u00e0 l&#8217;\u00e9chelle 1\/20 d&#8217;un projet de cabine de jet priv\u00e9. La cabine est compos\u00e9e de 3 tron\u00e7ons s\u00e9parables et les si\u00e8ges peuvent \u00eatre d\u00e9plac\u00e9s librement pour laisser le client imaginer son am\u00e9nagement.<\/p>\n<\/div>\n\n\n\n<div class=\"wp-block-column is-layout-flow wp-block-column-is-layout-flow\">\n<figure class=\"wp-block-image aligncenter size-full is-resized\"><img loading=\"lazy\" decoding=\"async\" width=\"756\" height=\"1008\" src=\"https:\/\/djxsolutions.com\/wp-content\/uploads\/2024\/09\/20211029_120546-resised-rotated.jpg\" alt=\"\" class=\"wp-image-188\" style=\"width:300px;height:auto\" srcset=\"https:\/\/djxsolutions.com\/wp-content\/uploads\/2024\/09\/20211029_120546-resised-rotated.jpg 756w, https:\/\/djxsolutions.com\/wp-content\/uploads\/2024\/09\/20211029_120546-resised-225x300.jpg 225w\" sizes=\"(max-width: 756px) 100vw, 756px\" \/><\/figure>\n<\/div>\n\n\n\n<div class=\"wp-block-column is-layout-flow wp-block-column-is-layout-flow\">\n<figure class=\"wp-block-image size-full\"><img loading=\"lazy\" decoding=\"async\" width=\"1008\" height=\"756\" src=\"https:\/\/djxsolutions.com\/wp-content\/uploads\/2024\/09\/20211029_120456-resised.jpg\" alt=\"\" class=\"wp-image-189\" srcset=\"https:\/\/djxsolutions.com\/wp-content\/uploads\/2024\/09\/20211029_120456-resised.jpg 1008w, https:\/\/djxsolutions.com\/wp-content\/uploads\/2024\/09\/20211029_120456-resised-300x225.jpg 300w, https:\/\/djxsolutions.com\/wp-content\/uploads\/2024\/09\/20211029_120456-resised-768x576.jpg 768w\" sizes=\"(max-width: 1008px) 100vw, 1008px\" \/><\/figure>\n<\/div>\n<\/div>\n\n\n\n<div class=\"wp-block-columns is-layout-flex wp-container-core-columns-is-layout-28f84493 wp-block-columns-is-layout-flex\">\n<div class=\"wp-block-column is-layout-flow wp-block-column-is-layout-flow\">\n<p><em>Section de fuselage : <\/em><\/p>\n\n\n\n<p>Pour un \u00e9quipementier a\u00e9ronautique, nous avons con\u00e7u, imprim\u00e9 et assembl\u00e9 ce tron\u00e7on de fuselage afin qu&#8217;il puisse proposer un rendu 3D et un mod\u00e8le r\u00e9duit \u00e0 son client<\/p>\n<\/div>\n\n\n\n<div class=\"wp-block-column is-layout-flow wp-block-column-is-layout-flow\">\n<figure class=\"wp-block-image aligncenter size-full is-resized\"><img loading=\"lazy\" decoding=\"async\" width=\"748\" height=\"975\" src=\"https:\/\/djxsolutions.com\/wp-content\/uploads\/2024\/09\/fuselage-slice.jpg\" alt=\"\" class=\"wp-image-195\" style=\"width:300px;height:auto\" srcset=\"https:\/\/djxsolutions.com\/wp-content\/uploads\/2024\/09\/fuselage-slice.jpg 748w, https:\/\/djxsolutions.com\/wp-content\/uploads\/2024\/09\/fuselage-slice-230x300.jpg 230w\" sizes=\"(max-width: 748px) 100vw, 748px\" \/><\/figure>\n<\/div>\n\n\n\n<div class=\"wp-block-column is-layout-flow wp-block-column-is-layout-flow\">\n<figure class=\"wp-block-image aligncenter size-full is-resized\"><img loading=\"lazy\" decoding=\"async\" width=\"650\" height=\"927\" src=\"https:\/\/djxsolutions.com\/wp-content\/uploads\/2024\/09\/20210425_175131-Resised.jpg\" alt=\"\" class=\"wp-image-196\" style=\"width:276px;height:auto\" srcset=\"https:\/\/djxsolutions.com\/wp-content\/uploads\/2024\/09\/20210425_175131-Resised.jpg 650w, https:\/\/djxsolutions.com\/wp-content\/uploads\/2024\/09\/20210425_175131-Resised-210x300.jpg 210w\" sizes=\"(max-width: 650px) 100vw, 650px\" \/><\/figure>\n<\/div>\n<\/div>\n\n\n\n<div class=\"wp-block-columns is-layout-flex wp-container-core-columns-is-layout-28f84493 wp-block-columns-is-layout-flex\">\n<div class=\"wp-block-column is-layout-flow wp-block-column-is-layout-flow\">\n<p><em>Banc de test pour appareil photo : <\/em><\/p>\n\n\n\n<p>Conception et r\u00e9alisation d&#8217;un boitier de contr\u00f4le permettant d&#8217;envoyer des signaux param\u00e9trables. Le but \u00e9tait de tester la r\u00e9activit\u00e9 et l&#8217;endurance des appareils photos en vue de s\u00e9lectionner les mod\u00e8les \u00e0 int\u00e9grer dans des installations soumises \u00e0 de fortes sollicitations (vibrations, temp\u00e9rature, champs magn\u00e9tiques&#8230;). Tout a \u00e9t\u00e9 r\u00e9alis\u00e9 et assembl\u00e9 en interne (bo\u00eetier, c\u00e2blage et programmation).<\/p>\n<\/div>\n\n\n\n<div class=\"wp-block-column is-layout-flow wp-block-column-is-layout-flow\">\n<figure class=\"wp-block-image aligncenter size-full\"><img loading=\"lazy\" decoding=\"async\" width=\"1000\" height=\"750\" src=\"https:\/\/djxsolutions.com\/wp-content\/uploads\/2024\/09\/IMG_20230430_143603-resized.jpg\" alt=\"\" class=\"wp-image-201\" srcset=\"https:\/\/djxsolutions.com\/wp-content\/uploads\/2024\/09\/IMG_20230430_143603-resized.jpg 1000w, https:\/\/djxsolutions.com\/wp-content\/uploads\/2024\/09\/IMG_20230430_143603-resized-300x225.jpg 300w, https:\/\/djxsolutions.com\/wp-content\/uploads\/2024\/09\/IMG_20230430_143603-resized-768x576.jpg 768w\" sizes=\"(max-width: 1000px) 100vw, 1000px\" \/><\/figure>\n<\/div>\n\n\n\n<div class=\"wp-block-column is-layout-flow wp-block-column-is-layout-flow\">\n<figure class=\"wp-block-image aligncenter size-full\"><img loading=\"lazy\" decoding=\"async\" width=\"1000\" height=\"750\" src=\"https:\/\/djxsolutions.com\/wp-content\/uploads\/2024\/09\/IMG_20230430_160335-resized.jpg\" alt=\"\" class=\"wp-image-202\" srcset=\"https:\/\/djxsolutions.com\/wp-content\/uploads\/2024\/09\/IMG_20230430_160335-resized.jpg 1000w, https:\/\/djxsolutions.com\/wp-content\/uploads\/2024\/09\/IMG_20230430_160335-resized-300x225.jpg 300w, https:\/\/djxsolutions.com\/wp-content\/uploads\/2024\/09\/IMG_20230430_160335-resized-768x576.jpg 768w\" sizes=\"(max-width: 1000px) 100vw, 1000px\" \/><\/figure>\n<\/div>\n<\/div>\n\n\n\n<div class=\"wp-block-columns is-layout-flex wp-container-core-columns-is-layout-28f84493 wp-block-columns-is-layout-flex\">\n<div class=\"wp-block-column is-layout-flow wp-block-column-is-layout-flow\">\n<p><em>Interface &#8220;routeur&#8221; multi-flash : <\/em><\/p>\n\n\n\n<p>Conception d&#8217;un \u00e9cosyst\u00e8me complet permettant de brancher plusieurs flashs sur un m\u00eame appareil photo afin de d\u00e9clencher en rafale sans attendre le rechargement du flash \u00e0 chaque clich\u00e9. Le syst\u00e8me g\u00e8re m\u00eame la communication en synchro rapide&#8230; L\u00e0 encore, tout a \u00e9t\u00e9 d\u00e9velopp\u00e9 en interne.<\/p>\n<\/div>\n\n\n\n<div class=\"wp-block-column is-layout-flow wp-block-column-is-layout-flow\">\n<figure class=\"wp-block-image aligncenter size-full\"><img loading=\"lazy\" decoding=\"async\" width=\"850\" height=\"572\" src=\"https:\/\/djxsolutions.com\/wp-content\/uploads\/2024\/09\/20200625_162805-Resized.jpg\" alt=\"\" class=\"wp-image-206\" srcset=\"https:\/\/djxsolutions.com\/wp-content\/uploads\/2024\/09\/20200625_162805-Resized.jpg 850w, https:\/\/djxsolutions.com\/wp-content\/uploads\/2024\/09\/20200625_162805-Resized-300x202.jpg 300w, https:\/\/djxsolutions.com\/wp-content\/uploads\/2024\/09\/20200625_162805-Resized-768x517.jpg 768w\" sizes=\"(max-width: 850px) 100vw, 850px\" \/><\/figure>\n<\/div>\n\n\n\n<div class=\"wp-block-column is-layout-flow wp-block-column-is-layout-flow\">\n<figure class=\"wp-block-image aligncenter size-full\"><img loading=\"lazy\" decoding=\"async\" width=\"1008\" height=\"756\" src=\"https:\/\/djxsolutions.com\/wp-content\/uploads\/2024\/09\/20200629_014244-Resized.jpg\" alt=\"\" class=\"wp-image-207\" srcset=\"https:\/\/djxsolutions.com\/wp-content\/uploads\/2024\/09\/20200629_014244-Resized.jpg 1008w, https:\/\/djxsolutions.com\/wp-content\/uploads\/2024\/09\/20200629_014244-Resized-300x225.jpg 300w, https:\/\/djxsolutions.com\/wp-content\/uploads\/2024\/09\/20200629_014244-Resized-768x576.jpg 768w\" sizes=\"(max-width: 1008px) 100vw, 1008px\" \/><\/figure>\n<\/div>\n<\/div>\n\n\n\n<div class=\"wp-block-columns is-layout-flex wp-container-core-columns-is-layout-28f84493 wp-block-columns-is-layout-flex\">\n<div class=\"wp-block-column is-layout-flow wp-block-column-is-layout-flow\" style=\"flex-basis:66.66%\">\n<p><em>Robot contr\u00f4l\u00e9 en DMX :<\/em><\/p>\n\n\n\n<p>Pour les besoins d&#8217;un spectacle, ce robot a \u00e9t\u00e9 int\u00e9gralement d\u00e9velopp\u00e9 (m\u00e9canique, \u00e9lectronique et programmation) pour \u00eatre contr\u00f4l\u00e9 gr\u00e2ce aux consoles DMX classiques du commerce. Il s&#8217;int\u00e8gre donc facilement dans une installation normalement compos\u00e9es de spots lumineux ou de lyres de spectacle. Dans la mesure o\u00f9 il est contr\u00f4l\u00e9 par des interfaces bien connues du monde du spectacle, sa prise en main est tr\u00e8s rapide et il exploite toutes les fonctionnalit\u00e9s des m\u00e9moires de sc\u00e8nes. Ce projet a montr\u00e9 qu&#8217;il \u00e9tait possible d&#8217;int\u00e9grer \u00e0 peu pr\u00e8s n&#8217;importe quel type de machine \u00e0 un \u00e9cosyst\u00e8me DMX.<\/p>\n<\/div>\n\n\n\n<div class=\"wp-block-column is-layout-flow wp-block-column-is-layout-flow\" style=\"flex-basis:33.33%\">\n<figure class=\"wp-block-image aligncenter size-full is-resized\"><img loading=\"lazy\" decoding=\"async\" width=\"750\" height=\"1000\" src=\"https:\/\/djxsolutions.com\/wp-content\/uploads\/2024\/09\/IMG_20230519_132033-resized-1.jpg\" alt=\"\" class=\"wp-image-215\" style=\"width:266px;height:auto\" srcset=\"https:\/\/djxsolutions.com\/wp-content\/uploads\/2024\/09\/IMG_20230519_132033-resized-1.jpg 750w, https:\/\/djxsolutions.com\/wp-content\/uploads\/2024\/09\/IMG_20230519_132033-resized-1-225x300.jpg 225w\" sizes=\"(max-width: 750px) 100vw, 750px\" \/><\/figure>\n<\/div>\n<\/div>\n\n\n\n<div class=\"wp-block-columns is-layout-flex wp-container-core-columns-is-layout-28f84493 wp-block-columns-is-layout-flex\">\n<div class=\"wp-block-column is-layout-flow wp-block-column-is-layout-flow\" style=\"flex-basis:100%\">\n<div class=\"wp-block-group is-layout-constrained wp-block-group-is-layout-constrained\">\n<div class=\"wp-block-columns is-layout-flex wp-container-core-columns-is-layout-28f84493 wp-block-columns-is-layout-flex\">\n<div class=\"wp-block-column is-layout-flow wp-block-column-is-layout-flow\"><\/div>\n<\/div>\n<\/div>\n\n\n\n<div class=\"wp-block-columns is-layout-flex wp-container-core-columns-is-layout-28f84493 wp-block-columns-is-layout-flex\">\n<div class=\"wp-block-column is-layout-flow wp-block-column-is-layout-flow\">\n<p><em>R\u00e9p\u00e9teur MIDI :<\/em> <\/p>\n\n\n\n<p>Conception et r\u00e9alisation d&#8217;un prototype de bo\u00eetier de traitement MIDI (norme utilis\u00e9e dans l&#8217;univers musical pour contr\u00f4ler par exemple des synth\u00e9tiseurs). Le boitier permet de s\u00e9lectionner un canal midi (1 \u00e0 16) et de dupliquer le signal sur ce canal vers plusieurs sorties. Ce dispositif a ensuite \u00e9t\u00e9 fabriqu\u00e9 en plusieurs exemplaires afin de les int\u00e9grer dans une installation comportant plusieurs dizaines de machines \u00e0 contr\u00f4ler.<\/p>\n<\/div>\n\n\n\n<div class=\"wp-block-column is-layout-flow wp-block-column-is-layout-flow\">\n<figure class=\"wp-block-image aligncenter size-full is-resized\"><img loading=\"lazy\" decoding=\"async\" width=\"695\" height=\"449\" src=\"https:\/\/djxsolutions.com\/wp-content\/uploads\/2024\/09\/IMG_20220404_005414-Resized.jpg\" alt=\"\" class=\"wp-image-218\" style=\"width:460px;height:auto\" srcset=\"https:\/\/djxsolutions.com\/wp-content\/uploads\/2024\/09\/IMG_20220404_005414-Resized.jpg 695w, https:\/\/djxsolutions.com\/wp-content\/uploads\/2024\/09\/IMG_20220404_005414-Resized-300x194.jpg 300w\" sizes=\"(max-width: 695px) 100vw, 695px\" \/><\/figure>\n<\/div>\n\n\n\n<div class=\"wp-block-column is-layout-flow wp-block-column-is-layout-flow\">\n<figure class=\"wp-block-image aligncenter size-full is-resized\"><img loading=\"lazy\" decoding=\"async\" width=\"750\" height=\"1000\" src=\"https:\/\/djxsolutions.com\/wp-content\/uploads\/2024\/09\/IMG_20220801_035447-Resized.jpg\" alt=\"\" class=\"wp-image-219\" style=\"width:267px;height:auto\" srcset=\"https:\/\/djxsolutions.com\/wp-content\/uploads\/2024\/09\/IMG_20220801_035447-Resized.jpg 750w, https:\/\/djxsolutions.com\/wp-content\/uploads\/2024\/09\/IMG_20220801_035447-Resized-225x300.jpg 225w\" sizes=\"(max-width: 750px) 100vw, 750px\" \/><\/figure>\n<\/div>\n<\/div>\n<\/div>\n<\/div>\n\n\n\n<div class=\"wp-block-columns is-layout-flex wp-container-core-columns-is-layout-28f84493 wp-block-columns-is-layout-flex\">\n<div class=\"wp-block-column is-layout-flow wp-block-column-is-layout-flow\" style=\"flex-basis:66.66%\">\n<p><em>Bo\u00eetier de contr\u00f4le d&#8217;un drone flottant : <\/em><\/p>\n\n\n\n<p>Conception et r\u00e9alisation enti\u00e8rement en interne d&#8217;un dispositif complet permettant de robotiser une embarcation flottante classique. (N&#8217;h\u00e9sitez pas \u00e0 nous contacter si vous souhaitez connaitre l&#8217;\u00e9tendue des possibilit\u00e9s de ce nouveau syst\u00e8me). Seul le boitier de contr\u00f4le est pr\u00e9sent\u00e9 ici et illustre un exemple d&#8217;interface r\u00e9alisable sur mesure pour s&#8217;adapter au mieux \u00e0 l&#8217;ergonomie souhait\u00e9e.<\/p>\n<\/div>\n\n\n\n<div class=\"wp-block-column is-layout-flow wp-block-column-is-layout-flow\" style=\"flex-basis:33.33%\">\n<figure class=\"wp-block-image aligncenter size-large is-resized\"><img loading=\"lazy\" decoding=\"async\" width=\"1024\" height=\"683\" src=\"https:\/\/djxsolutions.com\/wp-content\/uploads\/2024\/09\/DSC_3807-resized-1024x683.jpg\" alt=\"\" class=\"wp-image-223\" style=\"width:361px;height:auto\" srcset=\"https:\/\/djxsolutions.com\/wp-content\/uploads\/2024\/09\/DSC_3807-resized-1024x683.jpg 1024w, https:\/\/djxsolutions.com\/wp-content\/uploads\/2024\/09\/DSC_3807-resized-300x200.jpg 300w, https:\/\/djxsolutions.com\/wp-content\/uploads\/2024\/09\/DSC_3807-resized-768x512.jpg 768w, https:\/\/djxsolutions.com\/wp-content\/uploads\/2024\/09\/DSC_3807-resized.jpg 1500w\" sizes=\"(max-width: 1024px) 100vw, 1024px\" \/><\/figure>\n<\/div>\n<\/div>\n\n\n\n<div class=\"wp-block-columns is-layout-flex wp-container-core-columns-is-layout-28f84493 wp-block-columns-is-layout-flex\">\n<div class=\"wp-block-column is-layout-flow wp-block-column-is-layout-flow\">\n<p><em>De la conception \u00e0 la s\u00e9rie :<\/em><\/p>\n\n\n\n<p>Conception d&#8217;un circuit et premiers tests sur un &#8220;breadboard&#8221; classique, puis conception d&#8217;une premi\u00e8re version de PCB pour la pr\u00e9s\u00e9rie avec des composants \u00e0 broches traversantes. Une fois que la fiabilit\u00e9 a \u00e9t\u00e9 prouv\u00e9e, un nouveau PCB est con\u00e7u pour accueillir des composants CMS et permettre la mont\u00e9e en charge vers la s\u00e9rie&#8230;<\/p>\n\n\n\n<p>Le fait d&#8217;int\u00e9grer en interne toutes les comp\u00e9tences permet de raccourcir les cycles de d\u00e9veloppement, et de permettre ainsi de multiplier les versions de test, limitant les risques puisque les marches sont moins difficiles \u00e0 franchir \u00e0 chaque \u00e9tape.<\/p>\n<\/div>\n\n\n\n<div class=\"wp-block-column is-layout-flow wp-block-column-is-layout-flow\">\n<figure class=\"wp-block-image size-full\"><img loading=\"lazy\" decoding=\"async\" width=\"653\" height=\"327\" src=\"https:\/\/djxsolutions.com\/wp-content\/uploads\/2024\/09\/20201025_184502-resized.jpg\" alt=\"\" class=\"wp-image-226\" srcset=\"https:\/\/djxsolutions.com\/wp-content\/uploads\/2024\/09\/20201025_184502-resized.jpg 653w, https:\/\/djxsolutions.com\/wp-content\/uploads\/2024\/09\/20201025_184502-resized-300x150.jpg 300w\" sizes=\"(max-width: 653px) 100vw, 653px\" \/><\/figure>\n<\/div>\n\n\n\n<div class=\"wp-block-column is-layout-flow wp-block-column-is-layout-flow\">\n<figure class=\"wp-block-image aligncenter size-full is-resized\"><img loading=\"lazy\" decoding=\"async\" width=\"756\" height=\"945\" src=\"https:\/\/djxsolutions.com\/wp-content\/uploads\/2024\/09\/20210730_122031-Resized.jpg\" alt=\"\" class=\"wp-image-227\" style=\"width:258px;height:auto\" srcset=\"https:\/\/djxsolutions.com\/wp-content\/uploads\/2024\/09\/20210730_122031-Resized.jpg 756w, https:\/\/djxsolutions.com\/wp-content\/uploads\/2024\/09\/20210730_122031-Resized-240x300.jpg 240w\" sizes=\"(max-width: 756px) 100vw, 756px\" \/><\/figure>\n<\/div>\n<\/div>\n\n\n\n<div class=\"wp-block-columns is-layout-flex wp-container-core-columns-is-layout-28f84493 wp-block-columns-is-layout-flex\">\n<div class=\"wp-block-column is-layout-flow wp-block-column-is-layout-flow\" style=\"flex-basis:33.33%\">\n<p><em>Conception et fabrication de moules silicones : <\/em><\/p>\n\n\n\n<p>Les masters sont con\u00e7us et fabriqu\u00e9s avec une imprimante 3D r\u00e9sine. Les outillages et gabarits de positionnement sont \u00e9galement imprim\u00e9s en 3D. Tout comme tout ce qui est pr\u00e9sent\u00e9 ici, le moulage du silicone est r\u00e9alis\u00e9 en interne. On peut alors couler en r\u00e9sine les pi\u00e8ces en petite et moyenne s\u00e9rie.<\/p>\n<\/div>\n\n\n\n<div class=\"wp-block-column is-layout-flow wp-block-column-is-layout-flow\" style=\"flex-basis:66.66%\">\n<figure class=\"wp-block-image aligncenter size-full is-resized\"><img loading=\"lazy\" decoding=\"async\" width=\"1000\" height=\"400\" src=\"https:\/\/djxsolutions.com\/wp-content\/uploads\/2024\/09\/IMG_20220211_190315-Resized.jpg\" alt=\"\" class=\"wp-image-228\" style=\"width:685px;height:auto\" srcset=\"https:\/\/djxsolutions.com\/wp-content\/uploads\/2024\/09\/IMG_20220211_190315-Resized.jpg 1000w, https:\/\/djxsolutions.com\/wp-content\/uploads\/2024\/09\/IMG_20220211_190315-Resized-300x120.jpg 300w, https:\/\/djxsolutions.com\/wp-content\/uploads\/2024\/09\/IMG_20220211_190315-Resized-768x307.jpg 768w\" sizes=\"(max-width: 1000px) 100vw, 1000px\" \/><\/figure>\n<\/div>\n<\/div>\n","protected":false},"excerpt":{"rendered":"<p>Prototypage complet de l&#8217;id\u00e9e jusqu&#8217;au d\u00e9monstrateur fonctionnel pour valider le concept et vous accompagner dans votre d\u00e9veloppement. M\u00e9canique \u00c9lectronique Programmation Quelques exemples de r\u00e9alisations Maquette de pr\u00e9sentation commerciale : Conception, impression et assemblage d&#8217;une maquette \u00e0 l&#8217;\u00e9chelle 1\/20 d&#8217;un projet de cabine de jet priv\u00e9. La cabine est compos\u00e9e de 3 tron\u00e7ons s\u00e9parables et les [&hellip;]<\/p>\n","protected":false},"author":1,"featured_media":0,"parent":0,"menu_order":0,"comment_status":"closed","ping_status":"closed","template":"","meta":{"om_disable_all_campaigns":false,"_monsterinsights_skip_tracking":false,"_monsterinsights_sitenote_active":false,"_monsterinsights_sitenote_note":"","_monsterinsights_sitenote_category":0,"footnotes":""},"class_list":["post-155","page","type-page","status-publish","hentry"],"blocksy_meta":[],"aioseo_notices":[],"_links":{"self":[{"href":"https:\/\/djxsolutions.com\/index.php\/wp-json\/wp\/v2\/pages\/155","targetHints":{"allow":["GET"]}}],"collection":[{"href":"https:\/\/djxsolutions.com\/index.php\/wp-json\/wp\/v2\/pages"}],"about":[{"href":"https:\/\/djxsolutions.com\/index.php\/wp-json\/wp\/v2\/types\/page"}],"author":[{"embeddable":true,"href":"https:\/\/djxsolutions.com\/index.php\/wp-json\/wp\/v2\/users\/1"}],"replies":[{"embeddable":true,"href":"https:\/\/djxsolutions.com\/index.php\/wp-json\/wp\/v2\/comments?post=155"}],"version-history":[{"count":28,"href":"https:\/\/djxsolutions.com\/index.php\/wp-json\/wp\/v2\/pages\/155\/revisions"}],"predecessor-version":[{"id":270,"href":"https:\/\/djxsolutions.com\/index.php\/wp-json\/wp\/v2\/pages\/155\/revisions\/270"}],"wp:attachment":[{"href":"https:\/\/djxsolutions.com\/index.php\/wp-json\/wp\/v2\/media?parent=155"}],"curies":[{"name":"wp","href":"https:\/\/api.w.org\/{rel}","templated":true}]}}