{"id":176,"date":"2024-09-14T14:13:37","date_gmt":"2024-09-14T12:13:37","guid":{"rendered":"https:\/\/djxsolutions.com\/?page_id=176"},"modified":"2024-09-16T14:01:04","modified_gmt":"2024-09-16T12:01:04","slug":"animations-formations","status":"publish","type":"page","link":"https:\/\/djxsolutions.com\/index.php\/animations-formations\/","title":{"rendered":"Animations \/ Formations"},"content":{"rendered":"\n<div class=\"wp-block-columns is-layout-flex wp-container-core-columns-is-layout-28f84493 wp-block-columns-is-layout-flex\">\n<div class=\"wp-block-column is-layout-flow wp-block-column-is-layout-flow\">\n<p><strong>Animations \u00e0 th\u00e9matiques scientifiques<\/strong><\/p>\n\n\n\n<p>Animation collective avec support d&#8217;information. Tour de table, questions r\u00e9ponses, vulgarisation scientifique avec beaucoup d&#8217;exemples<\/p>\n<\/div>\n\n\n\n<div class=\"wp-block-column is-layout-flow wp-block-column-is-layout-flow\">\n<p><strong>Ateliers pratiques<\/strong><\/p>\n\n\n\n<p>S\u00e9ances collectives en petits groupes avec apprentissage par la pratique d\u00e8s le d\u00e9but. On traite ici des cas concrets correspondant aux besoins des participants<\/p>\n<\/div>\n\n\n\n<div class=\"wp-block-column is-layout-flow wp-block-column-is-layout-flow\">\n<p><strong>Formations<\/strong><\/p>\n\n\n\n<p>CAO, Impression 3D, moulage, \u00e9lectronique, programmation embarqu\u00e9e (langage C)&#8230;<\/p>\n<\/div>\n<\/div>\n\n\n\n<p class=\"has-text-align-center\"><strong>Quelques exemples &#8230;<\/strong><\/p>\n\n\n\n<p><em>Animation pour une Communaut\u00e9 de Communes sur le th\u00e8me de l&#8217;innovation : <\/em><\/p>\n\n\n\n<p>Pr\u00e9sentation des diff\u00e9rentes technologies de prototypage, d\u00e9monstration de la conception d&#8217;une pi\u00e8ce en 3D pour d\u00e9mystifier certaines notions. D\u00e9monstration de l&#8217;accessibilit\u00e9 de ces technologies pour le grand public.<\/p>\n\n\n\n<p><em>Atelier CAO et impression 3D : <\/em><\/p>\n\n\n\n<p>Initiation \u00e0 la CAO avec des mod\u00e8les simples. Tour de table sur les id\u00e9es et besoins individuels. Accompagnement de chacun pour dessiner sa premi\u00e8re pi\u00e8ce et impression en 3D pendant la s\u00e9ance pour que chaque stagiaire reparte avec un exemplaire.<\/p>\n\n\n\n<p><em>Formation \u00e0 l&#8217;impression 3D :<\/em> <\/p>\n\n\n\n<p>Aide \u00e0 l&#8217;installation de la machine et r\u00e9glage. Prise en main du logiciel de tranchage (CURA). Accompagnement pour les premi\u00e8res impressions et pour les premi\u00e8res op\u00e9rations de maintenance.<\/p>\n\n\n\n<p><\/p>\n","protected":false},"excerpt":{"rendered":"<p>Animations \u00e0 th\u00e9matiques scientifiques Animation collective avec support d&#8217;information. Tour de table, questions r\u00e9ponses, vulgarisation scientifique avec beaucoup d&#8217;exemples Ateliers pratiques S\u00e9ances collectives en petits groupes avec apprentissage par la pratique d\u00e8s le d\u00e9but. On traite ici des cas concrets correspondant aux besoins des participants Formations CAO, Impression 3D, moulage, \u00e9lectronique, programmation embarqu\u00e9e (langage C)&#8230; [&hellip;]<\/p>\n","protected":false},"author":1,"featured_media":0,"parent":0,"menu_order":0,"comment_status":"closed","ping_status":"closed","template":"","meta":{"om_disable_all_campaigns":false,"_monsterinsights_skip_tracking":false,"_monsterinsights_sitenote_active":false,"_monsterinsights_sitenote_note":"","_monsterinsights_sitenote_category":0,"footnotes":""},"class_list":["post-176","page","type-page","status-publish","hentry"],"blocksy_meta":[],"aioseo_notices":[],"_links":{"self":[{"href":"https:\/\/djxsolutions.com\/index.php\/wp-json\/wp\/v2\/pages\/176","targetHints":{"allow":["GET"]}}],"collection":[{"href":"https:\/\/djxsolutions.com\/index.php\/wp-json\/wp\/v2\/pages"}],"about":[{"href":"https:\/\/djxsolutions.com\/index.php\/wp-json\/wp\/v2\/types\/page"}],"author":[{"embeddable":true,"href":"https:\/\/djxsolutions.com\/index.php\/wp-json\/wp\/v2\/users\/1"}],"replies":[{"embeddable":true,"href":"https:\/\/djxsolutions.com\/index.php\/wp-json\/wp\/v2\/comments?post=176"}],"version-history":[{"count":7,"href":"https:\/\/djxsolutions.com\/index.php\/wp-json\/wp\/v2\/pages\/176\/revisions"}],"predecessor-version":[{"id":258,"href":"https:\/\/djxsolutions.com\/index.php\/wp-json\/wp\/v2\/pages\/176\/revisions\/258"}],"wp:attachment":[{"href":"https:\/\/djxsolutions.com\/index.php\/wp-json\/wp\/v2\/media?parent=176"}],"curies":[{"name":"wp","href":"https:\/\/api.w.org\/{rel}","templated":true}]}}